{"id":1210,"date":"2025-10-20T20:23:58","date_gmt":"2025-10-20T18:23:58","guid":{"rendered":"https:\/\/koreannecy.fr\/?page_id=1210"},"modified":"2025-10-20T20:30:20","modified_gmt":"2025-10-20T18:30:20","slug":"goodies","status":"publish","type":"page","link":"https:\/\/koreannecy.fr\/index.php\/goodies\/","title":{"rendered":"Goodies"},"content":{"rendered":"\t\t<div data-elementor-type=\"wp-page\" data-elementor-id=\"1210\" class=\"elementor elementor-1210\" data-elementor-post-type=\"page\">\n\t\t\t\t<div class=\"elementor-element elementor-element-5a9ef10 e-flex e-con-boxed wpr-particle-no wpr-jarallax-no wpr-parallax-no wpr-sticky-section-no e-con e-parent\" data-id=\"5a9ef10\" data-element_type=\"container\">\n\t\t\t\t\t<div class=\"e-con-inner\">\n\t\t\t\t<div class=\"elementor-element elementor-element-1af0483 elementor-widget elementor-widget-heading\" data-id=\"1af0483\" data-element_type=\"widget\" data-widget_type=\"heading.default\">\n\t\t\t\t<div class=\"elementor-widget-container\">\n\t\t\t\t\t<h2 class=\"elementor-heading-title elementor-size-default\"><span style=\"font-weight: normal;\"><span class=\"elementor-heading-title elementor-size-default elementor-inline-editing pen\" data-elementor-setting-key=\"title\" data-pen-placeholder=\"\u00c9crivez ici...\" style=\"font-family: Quakerhack, sans-serif; font-size: 65px; line-height: 1.2em; clear: both; word-break: break-word; overflow-wrap: break-word; outline-color: currentcolor; outline-style: none; text-transform: none; font-style: normal; text-decoration: none; letter-spacing: 4.3px; text-align: center;\">Goodies<\/span><\/span><\/h2>\t\t\t\t<\/div>\n\t\t\t\t<\/div>\n\t\t\t\t\t<\/div>\n\t\t\t\t<\/div>\n\t\t<div class=\"elementor-element elementor-element-befffd1 e-flex e-con-boxed wpr-particle-no wpr-jarallax-no wpr-parallax-no wpr-sticky-section-no e-con e-parent\" data-id=\"befffd1\" data-element_type=\"container\">\n\t\t\t\t\t<div class=\"e-con-inner\">\n\t\t\t\t<div class=\"elementor-element elementor-element-4f102bb elementor-widget elementor-widget-text-editor\" data-id=\"4f102bb\" data-element_type=\"widget\" data-widget_type=\"text-editor.default\">\n\t\t\t\t<div class=\"elementor-widget-container\">\n\t\t\t\t\t\t\t\t\t<h3 style=\"caret-color: #000000; color: #000000;\"><b>Les Goodies de KoreAnnecy<\/b><\/h3><p class=\"p3\" style=\"caret-color: #000000; color: #000000;\"><b>Des objets qui portent un peu de la Cor\u00e9e\u2026 et beaucoup de c\u0153ur.<\/b><b><\/b><\/p><p class=\"p4\" style=\"caret-color: #000000; color: #000000;\">Chez\u00a0<span class=\"s2\"><b>KoreAnnecy<\/b><\/span>, chaque cr\u00e9ation est plus qu\u2019un simple objet : c\u2019est un petit pont entre la France et la Cor\u00e9e.<\/p><p class=\"p4\" style=\"caret-color: #000000; color: #000000;\">Nos\u00a0<span class=\"s2\"><b>goodies<\/b><\/span>\u00a0sont pens\u00e9s comme des symboles de partage et d\u2019amiti\u00e9 \u2014 des articles originaux, produits en petites s\u00e9ries, qui traduisent notre passion pour la culture cor\u00e9enne \u00e0 travers le design, la langue et les \u00e9motions.<\/p><p class=\"p4\" style=\"caret-color: #000000; color: #000000;\">Acheter un\u00a0<span class=\"s2\"><b>goodie KoreAnnecy<\/b><\/span>, c\u2019est aussi\u00a0<span class=\"s2\"><b>soutenir nos activit\u00e9s culturelles<\/b><\/span>\u00a0: cours de langue, ateliers de cuisine, \u00e9v\u00e9nements artistiques, festivals\u2026 tout ce qui fait vivre le lien entre nos deux cultures.<\/p><p class=\"p1\">Pour inaugurer notre collection, nous avons choisi un objet simple, symbolique et plein d\u2019\u00e9motion : <span class=\"s1\"><b>le tout premier T-shirt <\/b><\/span><b>KoreAnnecy<\/b><\/p><p class=\"p1\">Un design porteur de sens, inspir\u00e9 de la culture cor\u00e9enne, qui refl\u00e8te l\u2019esprit m\u00eame de notre association \u2014 cr\u00e9er des liens, m\u00eame \u00e0 distance.<\/p><p class=\"p1\">D\u00e9couvrez ci-dessous son histoire\u2026 \ud83c\uddf0\ud83c\uddf7<\/p>\t\t\t\t\t\t\t\t<\/div>\n\t\t\t\t<\/div>\n\t\t\t\t\t<\/div>\n\t\t\t\t<\/div>\n\t\t<div class=\"elementor-element elementor-element-d571235 e-flex e-con-boxed wpr-particle-no wpr-jarallax-no wpr-parallax-no wpr-sticky-section-no e-con e-parent\" data-id=\"d571235\" data-element_type=\"container\">\n\t\t\t\t\t<div class=\"e-con-inner\">\n\t\t\t\t<div class=\"elementor-element elementor-element-90982d7 elementor-widget elementor-widget-heading\" data-id=\"90982d7\" data-element_type=\"widget\" data-widget_type=\"heading.default\">\n\t\t\t\t<div class=\"elementor-widget-container\">\n\t\t\t\t\t<h2 class=\"elementor-heading-title elementor-size-default\"><span style=\"font-weight: normal;\"><span class=\"elementor-heading-title elementor-size-default elementor-inline-editing pen\" data-elementor-setting-key=\"title\" data-pen-placeholder=\"\u00c9crivez ici...\" style=\"font-family: Quakerhack, sans-serif; font-size: 65px; line-height: 1.2em; clear: both; word-break: break-word; overflow-wrap: break-word; outline-color: currentcolor; outline-style: none; text-transform: none; font-style: normal; text-decoration: none; letter-spacing: 4.3px; text-align: center;\">T-Shirt<\/span><\/span><\/h2>\t\t\t\t<\/div>\n\t\t\t\t<\/div>\n\t\t\t\t\t<\/div>\n\t\t\t\t<\/div>\n\t\t<div class=\"elementor-element elementor-element-aa6b786 e-flex e-con-boxed wpr-particle-no wpr-jarallax-no wpr-parallax-no wpr-sticky-section-no e-con e-parent\" data-id=\"aa6b786\" data-element_type=\"container\" data-settings=\"{&quot;background_background&quot;:&quot;classic&quot;}\">\n\t\t\t\t\t<div class=\"e-con-inner\">\n\t\t\t\t<div class=\"elementor-element elementor-element-8ca5a16 elementor-widget elementor-widget-text-editor\" data-id=\"8ca5a16\" data-element_type=\"widget\" data-widget_type=\"text-editor.default\">\n\t\t\t\t<div class=\"elementor-widget-container\">\n\t\t\t\t\t\t\t\t\t<p class=\"p1\">\u00a0<b>\ud83c\udf38 POURQUOI\u2026 \uba40\ub9ac \uc788\uc5b4\ub3c4 \uac00\uae4c\uc774<\/b><\/p><p class=\"p3\">Nous inaugurons notre collection avec un T-shirt unique, portant cette belle phrase :<\/p><p class=\"p4\"><b>\uba40\ub9ac \uc788\uc5b4\ub3c4 \uac00\uae4c\uc774 \u2014 \u201cLoin l\u2019un de l\u2019autre, mais proches par le c\u0153ur.\u201d<\/b><b><\/b><\/p><p class=\"p3\">Ce message, imprim\u00e9 au dos du T-shirt pr\u00e9sent\u00e9 lors du <span class=\"s2\"><b>Festival Chuseok<\/b><\/span>, exprime une v\u00e9rit\u00e9 profond\u00e9ment ressentie au <span class=\"s2\"><b>pays du Matin Calme<\/b><\/span>.<\/p><p class=\"p3\">Inspir\u00e9 par l\u2019artiste <span class=\"s2\"><b>Ji-Young Demol Park<\/b><\/span> et adapt\u00e9 par <span class=\"s2\"><b>Jinhwa Kim<\/b><\/span>, il traduit \u00e0 merveille l\u2019esprit de <b>KoreAnnecy<\/b>\u00a0: une culture peut sembler lointaine, et pourtant, elle nous touche intimement, comme un lien invisible entre deux mondes.<\/p><p class=\"p3\">C\u2019est aussi cette proximit\u00e9 silencieuse qui explique la c\u00e9l\u00e8bre <span class=\"s2\"><b>\u201cHallyu\u201d<\/b><\/span>, la \u201cvague cor\u00e9enne\u201d qui d\u00e9ferle aujourd\u2019hui \u00e0 travers le monde, preuve que la beaut\u00e9, la sensibilit\u00e9 et le partage n\u2019ont pas de fronti\u00e8res.<\/p><p class=\"p3\">Imprim\u00e9 localement par <span class=\"s2\"><b>CHENEY \u00e0 Pringy<\/b><\/span>, ce T-shirt de qualit\u00e9 (190g, coupe slim, blanc ou noir, tailles XS &amp; XL) est propos\u00e9 en <span class=\"s2\"><b>s\u00e9rie limit\u00e9e<\/b><\/span> au prix de <span class=\"s2\"><b>25 \u20ac<\/b><\/span>.<\/p><p class=\"p3\">Un achat symbolique mais essentiel : chaque vente contribue directement \u00e0 soutenir les <span class=\"s2\"><b>activit\u00e9s culturelles de KoreAnnecy<\/b><\/span>, cours, ateliers, festivals et rencontres tout au long de l\u2019ann\u00e9e.<\/p>\t\t\t\t\t\t\t\t<\/div>\n\t\t\t\t<\/div>\n\t\t\t\t\t<\/div>\n\t\t\t\t<\/div>\n\t\t<div class=\"elementor-element elementor-element-6010ef4 e-con-full e-flex wpr-particle-no wpr-jarallax-no wpr-parallax-no wpr-sticky-section-no e-con e-parent\" data-id=\"6010ef4\" data-element_type=\"container\" data-settings=\"{&quot;background_background&quot;:&quot;classic&quot;}\">\n\t\t<div class=\"elementor-element elementor-element-e9ed881 e-con-full e-flex wpr-particle-no wpr-jarallax-no wpr-parallax-no wpr-sticky-section-no e-con e-child\" data-id=\"e9ed881\" data-element_type=\"container\" data-settings=\"{&quot;background_background&quot;:&quot;classic&quot;}\">\n\t\t\t\t<\/div>\n\t\t<div class=\"elementor-element elementor-element-27b6ee3 e-con-full e-flex wpr-particle-no wpr-jarallax-no wpr-parallax-no wpr-sticky-section-no e-con e-child\" data-id=\"27b6ee3\" data-element_type=\"container\" data-settings=\"{&quot;background_background&quot;:&quot;classic&quot;}\">\n\t\t\t\t<\/div>\n\t\t\t\t<\/div>\n\t\t<div class=\"elementor-element elementor-element-c0b0473 e-flex e-con-boxed wpr-particle-no wpr-jarallax-no wpr-parallax-no wpr-sticky-section-no e-con e-parent\" data-id=\"c0b0473\" data-element_type=\"container\">\n\t\t\t\t\t<div class=\"e-con-inner\">\n\t\t\t\t<div class=\"elementor-element elementor-element-40beeff elementor-mobile-align-center elementor-align-center elementor-invisible elementor-widget elementor-widget-button\" data-id=\"40beeff\" data-element_type=\"widget\" data-settings=\"{&quot;_animation&quot;:&quot;fadeInDown&quot;}\" data-widget_type=\"button.default\">\n\t\t\t\t<div class=\"elementor-widget-container\">\n\t\t\t\t\t\t\t\t\t<div class=\"elementor-button-wrapper\">\n\t\t\t\t\t<a class=\"elementor-button elementor-button-link elementor-size-sm\" href=\"https:\/\/www.helloasso.com\/associations\/koreannecy\/boutiques\/koreannecy-shop\" target=\"_blank\">\n\t\t\t\t\t\t<span class=\"elementor-button-content-wrapper\">\n\t\t\t\t\t\t\t\t\t<span class=\"elementor-button-text\">Acheter<\/span>\n\t\t\t\t\t<\/span>\n\t\t\t\t\t<\/a>\n\t\t\t\t<\/div>\n\t\t\t\t\t\t\t\t<\/div>\n\t\t\t\t<\/div>\n\t\t\t\t\t<\/div>\n\t\t\t\t<\/div>\n\t\t<div class=\"elementor-element elementor-element-d5285da e-con-full e-flex wpr-particle-no wpr-jarallax-no wpr-parallax-no wpr-sticky-section-no e-con e-parent\" data-id=\"d5285da\" data-element_type=\"container\" data-settings=\"{&quot;background_background&quot;:&quot;classic&quot;}\">\n\t\t<div class=\"elementor-element elementor-element-8e84819 e-con-full e-flex wpr-particle-no wpr-jarallax-no wpr-parallax-no wpr-sticky-section-no e-con e-child\" data-id=\"8e84819\" data-element_type=\"container\">\n\t\t\t\t<div class=\"elementor-element elementor-element-af8d230 elementor-widget elementor-widget-heading\" data-id=\"af8d230\" data-element_type=\"widget\" data-widget_type=\"heading.default\">\n\t\t\t\t<div class=\"elementor-widget-container\">\n\t\t\t\t\t<h1 class=\"elementor-heading-title elementor-size-default\">Rejoignez la communaut\u00e9 KoreAnnecy <\/h1>\t\t\t\t<\/div>\n\t\t\t\t<\/div>\n\t\t\t\t<div class=\"elementor-element elementor-element-c832cb9 elementor-widget elementor-widget-text-editor\" data-id=\"c832cb9\" data-element_type=\"widget\" data-widget_type=\"text-editor.default\">\n\t\t\t\t<div class=\"elementor-widget-container\">\n\t\t\t\t\t\t\t\t\t<p class=\"p1\">De la cuisine au cin\u00e9ma, de la langue aux traditions : explorez la Cor\u00e9e avec nous.<\/p><p style=\"caret-color: #000000; color: #000000;\">\u00a0<\/p>\t\t\t\t\t\t\t\t<\/div>\n\t\t\t\t<\/div>\n\t\t\t\t<div class=\"elementor-element elementor-element-587ed74 elementor-mobile-align-center elementor-invisible elementor-widget elementor-widget-button\" data-id=\"587ed74\" data-element_type=\"widget\" data-settings=\"{&quot;_animation&quot;:&quot;fadeInDown&quot;}\" data-widget_type=\"button.default\">\n\t\t\t\t<div class=\"elementor-widget-container\">\n\t\t\t\t\t\t\t\t\t<div class=\"elementor-button-wrapper\">\n\t\t\t\t\t<a class=\"elementor-button elementor-button-link elementor-size-sm\" href=\"https:\/\/www.helloasso.com\/associations\/koreannecy\/adhesions\/adhesion-annuelle-koreannecy-2025\" target=\"_blank\">\n\t\t\t\t\t\t<span class=\"elementor-button-content-wrapper\">\n\t\t\t\t\t\t\t\t\t<span class=\"elementor-button-text\">Adh\u00e9sion<\/span>\n\t\t\t\t\t<\/span>\n\t\t\t\t\t<\/a>\n\t\t\t\t<\/div>\n\t\t\t\t\t\t\t\t<\/div>\n\t\t\t\t<\/div>\n\t\t\t\t<\/div>\n\t\t<div class=\"elementor-element elementor-element-0456e49 e-con-full e-flex wpr-particle-no wpr-jarallax-no wpr-parallax-no wpr-sticky-section-no e-con e-child\" data-id=\"0456e49\" data-element_type=\"container\">\n\t\t\t\t<div class=\"elementor-element elementor-element-75ed20e elementor-widget elementor-widget-image\" data-id=\"75ed20e\" data-element_type=\"widget\" data-widget_type=\"image.default\">\n\t\t\t\t<div class=\"elementor-widget-container\">\n\t\t\t\t\t\t\t\t\t\t\t\t\t\t\t<img alt=\"\" fetchpriority=\"high\" decoding=\"async\" width=\"1024\" height=\"1024\" src=\"https:\/\/koreannecy.fr\/wp-content\/uploads\/2025\/04\/groupe.jpg\" class=\"attachment-full size-full wp-image-254\" alt=\"\" srcset=\"https:\/\/koreannecy.fr\/wp-content\/uploads\/2025\/04\/groupe.jpg 1024w, https:\/\/koreannecy.fr\/wp-content\/uploads\/2025\/04\/groupe-300x300.jpg 300w, https:\/\/koreannecy.fr\/wp-content\/uploads\/2025\/04\/groupe-150x150.jpg 150w, https:\/\/koreannecy.fr\/wp-content\/uploads\/2025\/04\/groupe-768x768.jpg 768w\" sizes=\"(max-width: 1024px) 100vw, 1024px\" \/>\t\t\t\t\t\t\t\t\t\t\t\t\t\t\t<\/div>\n\t\t\t\t<\/div>\n\t\t\t\t<\/div>\n\t\t\t\t<\/div>\n\t\t\t\t<\/div>\n\t\t","protected":false},"excerpt":{"rendered":"<p>Goodies Les Goodies de KoreAnnecy Des objets qui portent un peu de la Cor\u00e9e\u2026 et beaucoup de c\u0153ur. Chez\u00a0KoreAnnecy, chaque cr\u00e9ation est plus qu\u2019un simple objet : c\u2019est un petit &#8230;<\/p>\n","protected":false},"author":1,"featured_media":566,"parent":0,"menu_order":0,"comment_status":"closed","ping_status":"closed","template":"elementor_header_footer","meta":{"_acf_changed":false,"_seopress_robots_primary_cat":"","_seopress_titles_title":"","_seopress_titles_desc":"","_seopress_robots_index":"","footnotes":""},"class_list":["post-1210","page","type-page","status-publish","has-post-thumbnail","hentry"],"acf":[],"_links":{"self":[{"href":"https:\/\/koreannecy.fr\/index.php\/wp-json\/wp\/v2\/pages\/1210","targetHints":{"allow":["GET"]}}],"collection":[{"href":"https:\/\/koreannecy.fr\/index.php\/wp-json\/wp\/v2\/pages"}],"about":[{"href":"https:\/\/koreannecy.fr\/index.php\/wp-json\/wp\/v2\/types\/page"}],"author":[{"embeddable":true,"href":"https:\/\/koreannecy.fr\/index.php\/wp-json\/wp\/v2\/users\/1"}],"replies":[{"embeddable":true,"href":"https:\/\/koreannecy.fr\/index.php\/wp-json\/wp\/v2\/comments?post=1210"}],"version-history":[{"count":70,"href":"https:\/\/koreannecy.fr\/index.php\/wp-json\/wp\/v2\/pages\/1210\/revisions"}],"predecessor-version":[{"id":1290,"href":"https:\/\/koreannecy.fr\/index.php\/wp-json\/wp\/v2\/pages\/1210\/revisions\/1290"}],"wp:featuredmedia":[{"embeddable":true,"href":"https:\/\/koreannecy.fr\/index.php\/wp-json\/wp\/v2\/media\/566"}],"wp:attachment":[{"href":"https:\/\/koreannecy.fr\/index.php\/wp-json\/wp\/v2\/media?parent=1210"}],"curies":[{"name":"wp","href":"https:\/\/api.w.org\/{rel}","templated":true}]}}