{"id":562,"date":"2025-06-24T13:51:26","date_gmt":"2025-06-24T11:51:26","guid":{"rendered":"https:\/\/koreannecy.fr\/index.php\/about-2\/"},"modified":"2025-09-22T09:18:00","modified_gmt":"2025-09-22T07:18:00","slug":"cours-de-coreen","status":"publish","type":"page","link":"https:\/\/koreannecy.fr\/index.php\/cours-de-coreen\/","title":{"rendered":"Cours De Cor\u00e9en"},"content":{"rendered":"\t\t<div data-elementor-type=\"wp-page\" data-elementor-id=\"562\" class=\"elementor elementor-562\" data-elementor-post-type=\"page\">\n\t\t\t\t<div class=\"elementor-element elementor-element-5a9ef10 e-flex e-con-boxed wpr-particle-no wpr-jarallax-no wpr-parallax-no wpr-sticky-section-no e-con e-parent\" data-id=\"5a9ef10\" data-element_type=\"container\">\n\t\t\t\t\t<div class=\"e-con-inner\">\n\t\t\t\t<div class=\"elementor-element elementor-element-1af0483 elementor-widget elementor-widget-heading\" data-id=\"1af0483\" data-element_type=\"widget\" data-widget_type=\"heading.default\">\n\t\t\t\t<div class=\"elementor-widget-container\">\n\t\t\t\t\t<h2 class=\"elementor-heading-title elementor-size-default\"><span style=\"font-weight: normal;\"><span class=\"elementor-heading-title elementor-size-default elementor-inline-editing pen\" data-elementor-setting-key=\"title\" data-pen-placeholder=\"\u00c9crivez ici...\" style=\"font-family: Quakerhack, sans-serif; font-size: 65px; line-height: 1.2em; clear: both; word-break: break-word; overflow-wrap: break-word; outline-color: currentcolor; outline-style: none; text-transform: none; font-style: normal; text-decoration: none; letter-spacing: 4.3px; text-align: center;\">Cours de cor\u00e9en<\/span><\/span><\/h2>\t\t\t\t<\/div>\n\t\t\t\t<\/div>\n\t\t\t\t\t<\/div>\n\t\t\t\t<\/div>\n\t\t<div class=\"elementor-element elementor-element-bbaa5fc e-flex e-con-boxed wpr-particle-no wpr-jarallax-no wpr-parallax-no wpr-sticky-section-no e-con e-parent\" data-id=\"bbaa5fc\" data-element_type=\"container\">\n\t\t\t\t\t<div class=\"e-con-inner\">\n\t\t<div class=\"elementor-element elementor-element-07c209d e-con-full e-flex wpr-particle-no wpr-jarallax-no wpr-parallax-no wpr-sticky-section-no e-con e-child\" data-id=\"07c209d\" data-element_type=\"container\">\n\t\t\t\t<div class=\"elementor-element elementor-element-8b73b8e elementor-widget elementor-widget-text-editor\" data-id=\"8b73b8e\" data-element_type=\"widget\" data-widget_type=\"text-editor.default\">\n\t\t\t\t<div class=\"elementor-widget-container\">\n\t\t\t\t\t\t\t\t\t<p>&nbsp;&nbsp;<span class=\"Apple-converted-space\">&nbsp; &nbsp;&nbsp;<\/span><\/p>\n<p>Le succ\u00e8s des cours (+ 200%) et le transfert dans un site plus appropri\u00e9 a n\u00e9cessit\u00e9 de mieux structurer ce qui avait d\u00e9marr\u00e9 en 2024 -2025 \u2026 \u00ab&nbsp;<i>\u00e0 la bonne franquette&nbsp;<\/i>\u00bb et nous conduit cette saison \u00e0 plus de formalisme.<\/p>\n<p><b>KOREANNECY propose 3 niveaux de cours et 4 enseignants<\/b><\/p>\n<ul>\n<li><b>Cours DEBUTANTS &#8211; Chiara et In Jae<\/b>,<span class=\"Apple-converted-space\">&nbsp;<\/span><\/li>\n<\/ul>\n<p><b>Inscriptions&nbsp;: <\/b><a href=\"https:\/\/www.helloasso.com\/associations\/koreannecy\/adhesions\/cours-de-coreen-niveau-debutant\"><i>https:\/\/www.helloasso.com\/associations\/koreannecy\/adhesions\/cours-de-coreen-niveau-debutant<\/i><i><\/i><\/a><\/p>\n<p><span class=\"Apple-converted-space\">&nbsp; &nbsp; <\/span>Ce cours est destin\u00e9 \u00e0 l\u2018apprentissage de l\u2019alphabet, des associations de voyelles et consonnes et, tr\u00e8s important, de leur prononciation ainsi qu\u2019a l\u2019apprentissage de mots ou r\u00e8gles simples d\u2019usage tr\u00e8s courant<\/p>\n<p><span class=\"Apple-converted-space\">&nbsp; &nbsp; <\/span>Ce cours est destin\u00e9 \u00e0 vous pr\u00e9parer le plus vite possible (en cours d\u2019ann\u00e9e) au passage sans difficult\u00e9s au cours interm\u00e9diaire<\/p>\n<ul>\n<li><b>Cours INTERMEDIAIRES &#8211; Jinhwa<\/b>,<span class=\"Apple-converted-space\">&nbsp;<\/span><\/li>\n<\/ul>\n<p><b>Inscriptions&nbsp;:<\/b> <a href=\"https:\/\/www.helloasso.com\/associations\/koreannecy\/adhesions\/cours-de-coreen-niveau-intermediaire\"><i>https:\/\/www.helloasso.com\/associations\/koreannecy\/adhesions\/<\/i><b><i>cours-de-coreen-niveau-intermediaire<\/i><\/b><b><i><\/i><\/b><\/a><\/p>\n<p><span class=\"Apple-converted-space\">&nbsp; &nbsp; <\/span>Ce cours n\u00e9cessite la ma\u00eetrise de l\u2019alphabet, de sa prononciation, de la lecture et de l\u2019\u00e9criture. (cours d\u00e9butant)<\/p>\n<p><span class=\"Apple-converted-space\">&nbsp; &nbsp; <\/span>Ce cours est destin\u00e9 \u00e0 vous emmener \u00e0 un premier niveau d\u2019autonomie en langue Cor\u00e9enne en int\u00e9grant, outre un vocabulaire plus \u00e9tendu, la grammaire, les r\u00e8gles culturelles, les expressions courantes, etc \u2026<\/p>\n<p><span class=\"Apple-converted-space\">&nbsp; &nbsp; <\/span>Ce cours est destin\u00e9 \u00e0 vous pr\u00e9parer le plus vite possible (en fin d\u2019ann\u00e9e) \u00e0 une tentative de passage au cours conversation&nbsp;\ud83d\ude42<\/p>\n<ul>\n<li><b>Cours CONVERSATIONS &#8211;<span class=\"Apple-converted-space\">&nbsp; <\/span>&#8211; Toehoon<\/b>.<\/li>\n<\/ul>\n<p><b>Inscriptions&nbsp;: <\/b><a href=\"https:\/\/www.helloasso.com\/associations\/koreannecy\/adhesions\/cours-de-coreen-conversation\"><i>https:\/\/www.helloasso.com\/associations\/koreannecy\/adhesions\/<\/i><b><i>cours-de-coreen-conversation<\/i><\/b><b><i><\/i><\/b><\/a><\/p>\n<p><span class=\"Apple-converted-space\">&nbsp;<\/span> <span class=\"Apple-converted-space\">&nbsp; <\/span>Ce cours n\u00e9cessite un minimum d\u2019aisance dans la compr\u00e9hension, la lecture, l\u2019\u00e9criture et l\u2019expression.<\/p>\n<p><span class=\"Apple-converted-space\">&nbsp;&nbsp; <\/span>Ce cours est destin\u00e9 \u00e0 vous familiariser et vous automatiser \u00e0 l\u2019\u00e9coute et la pratique de la langue<\/p>\n<p><span class=\"Apple-converted-space\">&nbsp;&nbsp; <\/span>Il sera pratiqu\u00e9 essentiellement en Cor\u00e9en (mais, traductions, explications en fran\u00e7ais ne sont pas interdites&nbsp;\ud83d\ude42<\/p>\n<p><span class=\"Apple-converted-space\">&nbsp; &nbsp; <\/span>Les sujets seront libres et vari\u00e9s, de situations r\u00e9elles, culturelles, de films, musiques, etc \u2026 aussi bien \u00e0 l\u2019initiative de l\u2019enseignant que des apprenants.<\/p>\n<p>&#8211; L\u2019inscription est individuelle (un formulaire par personne)<\/p>\n<p>&#8211; Pour r\u00e9server, il vous est demand\u00e9 le num\u00e9ro d\u2019adh\u00e9sion \u00e0 l\u2019association. Lien d\u2019adh\u00e9son&nbsp;:&nbsp;<a href=\"https:\/\/www.helloasso.com\/associations\/koreannecy\/adhesions\/adhesion-annuelle-2025-2026-koreannecy\">https:\/\/www.helloasso.com\/associations\/koreannecy\/adhesions\/adhesion-annuelle-2025-2026-koreannecy<\/a><\/p>\t\t\t\t\t\t\t\t<\/div>\n\t\t\t\t<\/div>\n\t\t\t\t<\/div>\n\t\t<div class=\"elementor-element elementor-element-cc1e935 e-con-full e-flex wpr-particle-no wpr-jarallax-no wpr-parallax-no wpr-sticky-section-no e-con e-child\" data-id=\"cc1e935\" data-element_type=\"container\">\n\t\t\t\t<div class=\"elementor-element elementor-element-ca18d05 elementor-widget elementor-widget-image\" data-id=\"ca18d05\" data-element_type=\"widget\" data-widget_type=\"image.default\">\n\t\t\t\t<div class=\"elementor-widget-container\">\n\t\t\t\t\t\t\t\t\t\t\t\t<figure class=\"wp-caption\">\n\t\t\t\t\t\t\t\t\t\t<img alt=\"\" fetchpriority=\"high\" decoding=\"async\" width=\"800\" height=\"444\" src=\"https:\/\/koreannecy.fr\/wp-content\/uploads\/2025\/09\/IMG_6587-e1758524789930-1024x568.jpg\" class=\"attachment-large size-large wp-image-1104\" alt=\"\" srcset=\"https:\/\/koreannecy.fr\/wp-content\/uploads\/2025\/09\/IMG_6587-e1758524789930-1024x568.jpg 1024w, https:\/\/koreannecy.fr\/wp-content\/uploads\/2025\/09\/IMG_6587-e1758524789930-300x166.jpg 300w, https:\/\/koreannecy.fr\/wp-content\/uploads\/2025\/09\/IMG_6587-e1758524789930-768x426.jpg 768w, https:\/\/koreannecy.fr\/wp-content\/uploads\/2025\/09\/IMG_6587-e1758524789930-1536x852.jpg 1536w, https:\/\/koreannecy.fr\/wp-content\/uploads\/2025\/09\/IMG_6587-e1758524789930-2048x1136.jpg 2048w\" sizes=\"(max-width: 800px) 100vw, 800px\" \/>\t\t\t\t\t\t\t\t\t\t\t<figcaption class=\"widget-image-caption wp-caption-text\">Cours DEBUTANTS \u2013 Chiara et In Jae<\/figcaption>\n\t\t\t\t\t\t\t\t\t\t<\/figure>\n\t\t\t\t\t\t\t\t\t<\/div>\n\t\t\t\t<\/div>\n\t\t\t\t<div class=\"elementor-element elementor-element-7d9596f elementor-widget elementor-widget-image\" data-id=\"7d9596f\" data-element_type=\"widget\" data-widget_type=\"image.default\">\n\t\t\t\t<div class=\"elementor-widget-container\">\n\t\t\t\t\t\t\t\t\t\t\t\t<figure class=\"wp-caption\">\n\t\t\t\t\t\t\t\t\t\t<img alt=\"\" decoding=\"async\" width=\"800\" height=\"473\" src=\"https:\/\/koreannecy.fr\/wp-content\/uploads\/2025\/09\/IMG_6588-scaled-e1758524384226-1024x606.jpg\" class=\"attachment-large size-large wp-image-1102\" alt=\"\" srcset=\"https:\/\/koreannecy.fr\/wp-content\/uploads\/2025\/09\/IMG_6588-scaled-e1758524384226-1024x606.jpg 1024w, https:\/\/koreannecy.fr\/wp-content\/uploads\/2025\/09\/IMG_6588-scaled-e1758524384226-300x178.jpg 300w, https:\/\/koreannecy.fr\/wp-content\/uploads\/2025\/09\/IMG_6588-scaled-e1758524384226-768x455.jpg 768w, https:\/\/koreannecy.fr\/wp-content\/uploads\/2025\/09\/IMG_6588-scaled-e1758524384226-1536x909.jpg 1536w, https:\/\/koreannecy.fr\/wp-content\/uploads\/2025\/09\/IMG_6588-scaled-e1758524384226-2048x1212.jpg 2048w\" sizes=\"(max-width: 800px) 100vw, 800px\" \/>\t\t\t\t\t\t\t\t\t\t\t<figcaption class=\"widget-image-caption wp-caption-text\">Cours INTERMEDIAIRES \u2013 Jinhwa<\/figcaption>\n\t\t\t\t\t\t\t\t\t\t<\/figure>\n\t\t\t\t\t\t\t\t\t<\/div>\n\t\t\t\t<\/div>\n\t\t\t\t<div class=\"elementor-element elementor-element-0dfd032 elementor-widget elementor-widget-image\" data-id=\"0dfd032\" data-element_type=\"widget\" data-widget_type=\"image.default\">\n\t\t\t\t<div class=\"elementor-widget-container\">\n\t\t\t\t\t\t\t\t\t\t\t\t<figure class=\"wp-caption\">\n\t\t\t\t\t\t\t\t\t\t<img alt=\"\" decoding=\"async\" width=\"800\" height=\"492\" src=\"https:\/\/koreannecy.fr\/wp-content\/uploads\/2025\/09\/Unknown-e1758525324938-1024x630.jpeg\" class=\"attachment-large size-large wp-image-1132\" alt=\"\" srcset=\"https:\/\/koreannecy.fr\/wp-content\/uploads\/2025\/09\/Unknown-e1758525324938-1024x630.jpeg 1024w, https:\/\/koreannecy.fr\/wp-content\/uploads\/2025\/09\/Unknown-e1758525324938-300x184.jpeg 300w, https:\/\/koreannecy.fr\/wp-content\/uploads\/2025\/09\/Unknown-e1758525324938-768x472.jpeg 768w, https:\/\/koreannecy.fr\/wp-content\/uploads\/2025\/09\/Unknown-e1758525324938-1536x945.jpeg 1536w, https:\/\/koreannecy.fr\/wp-content\/uploads\/2025\/09\/Unknown-e1758525324938.jpeg 1548w\" sizes=\"(max-width: 800px) 100vw, 800px\" \/>\t\t\t\t\t\t\t\t\t\t\t<figcaption class=\"widget-image-caption wp-caption-text\">Cours CONVERSATIONS \u2013 Toehoon.<\/figcaption>\n\t\t\t\t\t\t\t\t\t\t<\/figure>\n\t\t\t\t\t\t\t\t\t<\/div>\n\t\t\t\t<\/div>\n\t\t\t\t<div class=\"elementor-element elementor-element-071da3e elementor-widget elementor-widget-video\" data-id=\"071da3e\" data-element_type=\"widget\" data-settings=\"{&quot;video_type&quot;:&quot;hosted&quot;,&quot;controls&quot;:&quot;yes&quot;}\" data-widget_type=\"video.default\">\n\t\t\t\t<div class=\"elementor-widget-container\">\n\t\t\t\t\t\t\t<div class=\"e-hosted-video elementor-wrapper elementor-open-inline\">\n\t\t\t\t\t<video class=\"elementor-video\" src=\"http:\/\/koreannecy.fr\/wp-content\/uploads\/2025\/09\/IMG_6476.mov\" controls=\"\" preload=\"metadata\" controlsList=\"nodownload\"><\/video>\n\t\t\t\t<\/div>\n\t\t\t\t\t\t<\/div>\n\t\t\t\t<\/div>\n\t\t\t\t<\/div>\n\t\t\t\t\t<\/div>\n\t\t\t\t<\/div>\n\t\t<div class=\"elementor-element elementor-element-94403ec e-con-full e-flex wpr-particle-no wpr-jarallax-no wpr-parallax-no wpr-sticky-section-no e-con e-parent\" data-id=\"94403ec\" data-element_type=\"container\" data-settings=\"{&quot;background_background&quot;:&quot;classic&quot;}\">\n\t\t<div class=\"elementor-element elementor-element-2a451d1 e-con-full e-flex wpr-particle-no wpr-jarallax-no wpr-parallax-no wpr-sticky-section-no e-con e-child\" data-id=\"2a451d1\" data-element_type=\"container\">\n\t\t\t\t<div class=\"elementor-element elementor-element-1087069 elementor-widget elementor-widget-heading\" data-id=\"1087069\" data-element_type=\"widget\" data-widget_type=\"heading.default\">\n\t\t\t\t<div class=\"elementor-widget-container\">\n\t\t\t\t\t<h1 class=\"elementor-heading-title elementor-size-default\">Rejoignez la communaut\u00e9 KoreAnnecy <\/h1>\t\t\t\t<\/div>\n\t\t\t\t<\/div>\n\t\t\t\t<div class=\"elementor-element elementor-element-07ea504 elementor-widget elementor-widget-text-editor\" data-id=\"07ea504\" data-element_type=\"widget\" data-widget_type=\"text-editor.default\">\n\t\t\t\t<div class=\"elementor-widget-container\">\n\t\t\t\t\t\t\t\t\t<p class=\"p1\">De la cuisine au cin\u00e9ma, de la langue aux traditions : explorez la Cor\u00e9e avec nous.<\/p><p style=\"caret-color: #000000; color: #000000;\">\u00a0<\/p>\t\t\t\t\t\t\t\t<\/div>\n\t\t\t\t<\/div>\n\t\t\t\t<div class=\"elementor-element elementor-element-17fa8f8 elementor-mobile-align-center elementor-invisible elementor-widget elementor-widget-button\" data-id=\"17fa8f8\" data-element_type=\"widget\" data-settings=\"{&quot;_animation&quot;:&quot;fadeInDown&quot;}\" data-widget_type=\"button.default\">\n\t\t\t\t<div class=\"elementor-widget-container\">\n\t\t\t\t\t\t\t\t\t<div class=\"elementor-button-wrapper\">\n\t\t\t\t\t<a class=\"elementor-button elementor-button-link elementor-size-sm\" href=\"https:\/\/www.helloasso.com\/associations\/koreannecy\/adhesions\/adhesion-annuelle-koreannecy-2025\" target=\"_blank\">\n\t\t\t\t\t\t<span class=\"elementor-button-content-wrapper\">\n\t\t\t\t\t\t\t\t\t<span class=\"elementor-button-text\">Adh\u00e9sion<\/span>\n\t\t\t\t\t<\/span>\n\t\t\t\t\t<\/a>\n\t\t\t\t<\/div>\n\t\t\t\t\t\t\t\t<\/div>\n\t\t\t\t<\/div>\n\t\t\t\t<\/div>\n\t\t<div class=\"elementor-element elementor-element-31ea86d e-con-full e-flex wpr-particle-no wpr-jarallax-no wpr-parallax-no wpr-sticky-section-no e-con e-child\" data-id=\"31ea86d\" data-element_type=\"container\">\n\t\t\t\t<div class=\"elementor-element elementor-element-dab7020 elementor-widget elementor-widget-image\" data-id=\"dab7020\" data-element_type=\"widget\" data-widget_type=\"image.default\">\n\t\t\t\t<div class=\"elementor-widget-container\">\n\t\t\t\t\t\t\t\t\t\t\t\t\t\t\t<img alt=\"\" loading=\"lazy\" decoding=\"async\" width=\"1024\" height=\"1024\" src=\"https:\/\/koreannecy.fr\/wp-content\/uploads\/2025\/04\/groupe.jpg\" class=\"attachment-full size-full wp-image-254\" alt=\"\" srcset=\"https:\/\/koreannecy.fr\/wp-content\/uploads\/2025\/04\/groupe.jpg 1024w, https:\/\/koreannecy.fr\/wp-content\/uploads\/2025\/04\/groupe-300x300.jpg 300w, https:\/\/koreannecy.fr\/wp-content\/uploads\/2025\/04\/groupe-150x150.jpg 150w, https:\/\/koreannecy.fr\/wp-content\/uploads\/2025\/04\/groupe-768x768.jpg 768w\" sizes=\"(max-width: 1024px) 100vw, 1024px\" \/>\t\t\t\t\t\t\t\t\t\t\t\t\t\t\t<\/div>\n\t\t\t\t<\/div>\n\t\t\t\t<\/div>\n\t\t\t\t<\/div>\n\t\t\t\t<\/div>\n\t\t","protected":false},"excerpt":{"rendered":"<p>Cours de cor\u00e9en &nbsp;&nbsp;&nbsp; &nbsp;&nbsp; Le succ\u00e8s des cours (+ 200%) et le transfert dans un site plus appropri\u00e9 a n\u00e9cessit\u00e9 de mieux structurer ce qui avait d\u00e9marr\u00e9 en 2024 &#8230;<\/p>\n","protected":false},"author":1,"featured_media":566,"parent":0,"menu_order":0,"comment_status":"closed","ping_status":"closed","template":"elementor_header_footer","meta":{"_acf_changed":false,"_seopress_robots_primary_cat":"","_seopress_titles_title":"","_seopress_titles_desc":"","_seopress_robots_index":"","footnotes":""},"class_list":["post-562","page","type-page","status-publish","has-post-thumbnail","hentry"],"acf":[],"_links":{"self":[{"href":"https:\/\/koreannecy.fr\/index.php\/wp-json\/wp\/v2\/pages\/562","targetHints":{"allow":["GET"]}}],"collection":[{"href":"https:\/\/koreannecy.fr\/index.php\/wp-json\/wp\/v2\/pages"}],"about":[{"href":"https:\/\/koreannecy.fr\/index.php\/wp-json\/wp\/v2\/types\/page"}],"author":[{"embeddable":true,"href":"https:\/\/koreannecy.fr\/index.php\/wp-json\/wp\/v2\/users\/1"}],"replies":[{"embeddable":true,"href":"https:\/\/koreannecy.fr\/index.php\/wp-json\/wp\/v2\/comments?post=562"}],"version-history":[{"count":35,"href":"https:\/\/koreannecy.fr\/index.php\/wp-json\/wp\/v2\/pages\/562\/revisions"}],"predecessor-version":[{"id":1135,"href":"https:\/\/koreannecy.fr\/index.php\/wp-json\/wp\/v2\/pages\/562\/revisions\/1135"}],"wp:featuredmedia":[{"embeddable":true,"href":"https:\/\/koreannecy.fr\/index.php\/wp-json\/wp\/v2\/media\/566"}],"wp:attachment":[{"href":"https:\/\/koreannecy.fr\/index.php\/wp-json\/wp\/v2\/media?parent=562"}],"curies":[{"name":"wp","href":"https:\/\/api.w.org\/{rel}","templated":true}]}}