{"id":79,"date":"2025-04-22T13:09:42","date_gmt":"2025-04-22T11:09:42","guid":{"rendered":"https:\/\/koreannecy.fr\/index.php\/portfolio\/"},"modified":"2025-06-27T14:57:57","modified_gmt":"2025-06-27T12:57:57","slug":"evenements","status":"publish","type":"page","link":"https:\/\/koreannecy.fr\/index.php\/evenements\/","title":{"rendered":"Evenements"},"content":{"rendered":"\t\t<div data-elementor-type=\"wp-page\" data-elementor-id=\"79\" class=\"elementor elementor-79\" data-elementor-post-type=\"page\">\n\t\t\t\t<div class=\"elementor-element elementor-element-63d34850 e-flex e-con-boxed wpr-particle-no wpr-jarallax-no wpr-parallax-no wpr-sticky-section-no e-con e-parent\" data-id=\"63d34850\" data-element_type=\"container\">\n\t\t\t\t\t<div class=\"e-con-inner\">\n\t\t\t\t<div class=\"elementor-element elementor-element-693a71ea elementor-widget elementor-widget-heading\" data-id=\"693a71ea\" data-element_type=\"widget\" data-widget_type=\"heading.default\">\n\t\t\t\t<div class=\"elementor-widget-container\">\n\t\t\t\t\t<h1 class=\"elementor-heading-title elementor-size-default\">\u00e9v\u00e9nements<\/h1>\t\t\t\t<\/div>\n\t\t\t\t<\/div>\n\t\t\t\t<div class=\"elementor-element elementor-element-152ac140 elementor-widget elementor-widget-heading\" data-id=\"152ac140\" data-element_type=\"widget\" data-widget_type=\"heading.default\">\n\t\t\t\t<div class=\"elementor-widget-container\">\n\t\t\t\t\t<h5 class=\"elementor-heading-title elementor-size-default\">\u00c0 travers ses \u00e9v\u00e9nements, KoreAnnecy fait rayonner la culture cor\u00e9enne au c\u0153ur d\u2019Annecy.<\/h5>\t\t\t\t<\/div>\n\t\t\t\t<\/div>\n\t\t\t\t\t<\/div>\n\t\t\t\t<\/div>\n\t\t<div class=\"elementor-element elementor-element-d770e4b e-flex e-con-boxed wpr-particle-no wpr-jarallax-no wpr-parallax-no wpr-sticky-section-no e-con e-parent\" data-id=\"d770e4b\" data-element_type=\"container\">\n\t\t\t\t\t<div class=\"e-con-inner\">\n\t\t\t\t<div class=\"elementor-element elementor-element-a08545d wpr-grid-columns-1 wpr-grid-columns--tablet2 wpr-grid-columns--mobile1 wpr-grid-pagination-center wpr-item-styles-inner elementor-widget elementor-widget-wpr-grid\" data-id=\"a08545d\" data-element_type=\"widget\" data-widget_type=\"wpr-grid.default\">\n\t\t\t\t<div class=\"elementor-widget-container\">\n\t\t\t\t\t<ul class=\"wpr-grid-filters elementor-clearfix wpr-grid-filters-sep-right\"><li class=\" wpr-pointer-none wpr-pointer-line-fx wpr-pointer-fx-none\"><span  data-filter=\"*\" class=\"wpr-grid-filters-item wpr-active-filter \">All Posts<\/span><em class=\"wpr-grid-filters-sep\"><\/em><\/li><li class=\" wpr-pointer-none wpr-pointer-line-fx wpr-pointer-fx-none\"><span   data-ajax-filter=[\"category\",\"cinema\"]  data-filter=\".category-cinema\">Cin\u00e9ma<\/span><em class=\"wpr-grid-filters-sep\"><\/em><\/li><li class=\" wpr-pointer-none wpr-pointer-line-fx wpr-pointer-fx-none\"><span   data-ajax-filter=[\"category\",\"cours\"]  data-filter=\".category-cours\">Cours de Cor\u00e9en<\/span><em class=\"wpr-grid-filters-sep\"><\/em><\/li><li class=\" wpr-pointer-none wpr-pointer-line-fx wpr-pointer-fx-none\"><span   data-ajax-filter=[\"category\",\"festival\"]  data-filter=\".category-festival\">Festival<\/span><em class=\"wpr-grid-filters-sep\"><\/em><\/li><li class=\" wpr-pointer-none wpr-pointer-line-fx wpr-pointer-fx-none\"><span   data-ajax-filter=[\"category\",\"k-food-partage\"]  data-filter=\".category-k-food-partage\">K-Food Partage<\/span><em class=\"wpr-grid-filters-sep\"><\/em><\/li><li class=\" wpr-pointer-none wpr-pointer-line-fx wpr-pointer-fx-none\"><span   data-ajax-filter=[\"category\",\"musique\"]  data-filter=\".category-musique\">Musique<\/span><em class=\"wpr-grid-filters-sep\"><\/em><\/li><li class=\" wpr-pointer-none wpr-pointer-line-fx wpr-pointer-fx-none\"><span   data-ajax-filter=[\"category\",\"non-classe\"]  data-filter=\".category-non-classe\">Non class\u00e9<\/span><em class=\"wpr-grid-filters-sep\"><\/em><\/li><\/ul><section class=\"wpr-grid elementor-clearfix\" data-settings=\"{&quot;layout&quot;:&quot;list&quot;,&quot;stick_last_element_to_bottom&quot;:&quot;no&quot;,&quot;columns_desktop&quot;:&quot;1&quot;,&quot;gutter_hr&quot;:16,&quot;gutter_hr_mobile&quot;:16,&quot;gutter_hr_mobile_extra&quot;:16,&quot;gutter_hr_tablet&quot;:16,&quot;gutter_hr_tablet_extra&quot;:16,&quot;gutter_hr_laptop&quot;:16,&quot;gutter_hr_widescreen&quot;:16,&quot;gutter_vr&quot;:16,&quot;gutter_vr_mobile&quot;:16,&quot;gutter_vr_mobile_extra&quot;:16,&quot;gutter_vr_tablet&quot;:16,&quot;gutter_vr_tablet_extra&quot;:16,&quot;gutter_vr_laptop&quot;:16,&quot;gutter_vr_widescreen&quot;:16,&quot;animation&quot;:&quot;default&quot;,&quot;animation_duration&quot;:0.3,&quot;animation_delay&quot;:0.1,&quot;deeplinking&quot;:&quot;&quot;,&quot;filters_linkable&quot;:&quot;no&quot;,&quot;filters_default_filter&quot;:&quot;&quot;,&quot;filters_count&quot;:&quot;&quot;,&quot;filters_hide_empty&quot;:&quot;no&quot;,&quot;filters_animation&quot;:&quot;default&quot;,&quot;filters_animation_duration&quot;:0.3,&quot;filters_animation_delay&quot;:0.1,&quot;pagination_type&quot;:&quot;load-more&quot;,&quot;pagination_max_pages&quot;:3,&quot;media_align&quot;:&quot;right&quot;,&quot;media_width&quot;:25,&quot;media_distance&quot;:27,&quot;lightbox&quot;:{&quot;selector&quot;:&quot;.wpr-grid-image-wrap&quot;,&quot;iframeMaxWidth&quot;:&quot;60%&quot;,&quot;hash&quot;:false,&quot;autoplay&quot;:&quot;true&quot;,&quot;pause&quot;:5000,&quot;progressBar&quot;:&quot;true&quot;,&quot;counter&quot;:&quot;true&quot;,&quot;controls&quot;:&quot;true&quot;,&quot;getCaptionFromTitleOrAlt&quot;:&quot;true&quot;,&quot;thumbnail&quot;:&quot;&quot;,&quot;showThumbByDefault&quot;:&quot;&quot;,&quot;share&quot;:&quot;&quot;,&quot;zoom&quot;:&quot;true&quot;,&quot;fullScreen&quot;:&quot;true&quot;,&quot;download&quot;:&quot;true&quot;}}\"><article class=\"wpr-grid-item elementor-clearfix post-1295 post type-post status-publish format-standard has-post-thumbnail hentry category-festival\"><div class=\"wpr-grid-item-inner\"><div class=\"wpr-grid-media-wrap wpr-effect-size-medium \" data-overlay-link=\"yes\"><div class=\"wpr-grid-image-wrap\" data-src=\"https:\/\/koreannecy.fr\/wp-content\/uploads\/2026\/02\/Seollal-1024x1024.png\" data-img-on-hover=\"\"  data-src-secondary=\"\"><img decoding=\"async\" data-no-lazy=\"1\" src=\"https:\/\/koreannecy.fr\/wp-content\/uploads\/2026\/02\/Seollal-1024x1024.png\" alt=\"SEOLLAL\" class=\"wpr-anim-timing-ease-default\"><\/div><div class=\"wpr-grid-media-hover wpr-animation-wrap\"><div class=\"wpr-grid-media-hover-bg  wpr-overlay-fade-in wpr-anim-size-large wpr-anim-timing-ease-default wpr-anim-transparency\" data-url=\"https:\/\/koreannecy.fr\/index.php\/2026\/02\/24\/seollal\/\"><\/div><\/div><\/div><div class=\"wpr-grid-item-below-content elementor-clearfix\"><h2 class=\"wpr-grid-item-title elementor-repeater-item-47d3a57 wpr-grid-item-display-block wpr-grid-item-align-left wpr-pointer-none wpr-pointer-line-fx wpr-pointer-fx-fade\"><div class=\"inner-block\"><a target=\"_self\"  href=\"https:\/\/koreannecy.fr\/index.php\/2026\/02\/24\/seollal\/\">SEOLLAL<\/a><\/div><\/h2><div class=\"wpr-grid-item-date elementor-repeater-item-01fa21a wpr-grid-item-display-inline wpr-grid-item-align-left\"><div class=\"inner-block\"><span>24 February 2026<span class=\"wpr-grid-extra-text-right\">\/<\/span><\/span><\/div><\/div><div class=\"wpr-grid-item-comments elementor-repeater-item-758a5f2 wpr-grid-item-display-inline wpr-grid-item-align-left\"><div class=\"inner-block\"><a href=\"https:\/\/koreannecy.fr\/index.php\/2026\/02\/24\/seollal\/#respond\"><span>No Comments<\/span><\/a><\/div><\/div><div class=\"wpr-grid-item-excerpt elementor-repeater-item-60b05dc wpr-grid-item-display-block wpr-grid-item-align-left\"><div class=\"inner-block\"><p>1er jour du calendrier lunaire Cor\u00e9en et plus grande f\u00eate annuelle, qui est bas\u00e9e sur la c\u00e9r\u00e9monie de salutations et...<\/p><\/div><\/div><div class=\"wpr-grid-item-read-more elementor-repeater-item-be636f7 wpr-grid-item-display-block wpr-grid-item-align-left\"><div class=\"inner-block\"><a target=\"_self\" href=\"https:\/\/koreannecy.fr\/index.php\/2026\/02\/24\/seollal\/\" class=\"wpr-button-effect wpr-button-none\"><span>En savoir plus<\/span><\/a><\/div><\/div><\/div><\/div><\/article><article class=\"wpr-grid-item elementor-clearfix post-1154 post type-post status-publish format-standard has-post-thumbnail hentry category-festival\"><div class=\"wpr-grid-item-inner\"><div class=\"wpr-grid-media-wrap wpr-effect-size-medium \" data-overlay-link=\"yes\"><div class=\"wpr-grid-image-wrap\" data-src=\"https:\/\/koreannecy.fr\/wp-content\/uploads\/2025\/10\/Chuseok-1-1024x1024.jpg\" data-img-on-hover=\"\"  data-src-secondary=\"\"><img decoding=\"async\" data-no-lazy=\"1\" src=\"https:\/\/koreannecy.fr\/wp-content\/uploads\/2025\/10\/Chuseok-1-1024x1024.jpg\" alt=\"F\u00caTONS CHUSEOK \u00e0 ANNECY\u00a0\" class=\"wpr-anim-timing-ease-default\"><\/div><div class=\"wpr-grid-media-hover wpr-animation-wrap\"><div class=\"wpr-grid-media-hover-bg  wpr-overlay-fade-in wpr-anim-size-large wpr-anim-timing-ease-default wpr-anim-transparency\" data-url=\"https:\/\/koreannecy.fr\/index.php\/2025\/10\/06\/fetons-chuseok-a-annecy\/\"><\/div><\/div><\/div><div class=\"wpr-grid-item-below-content elementor-clearfix\"><h2 class=\"wpr-grid-item-title elementor-repeater-item-47d3a57 wpr-grid-item-display-block wpr-grid-item-align-left wpr-pointer-none wpr-pointer-line-fx wpr-pointer-fx-fade\"><div class=\"inner-block\"><a target=\"_self\"  href=\"https:\/\/koreannecy.fr\/index.php\/2025\/10\/06\/fetons-chuseok-a-annecy\/\">F\u00caTONS CHUSEOK \u00e0 ANNECY\u00a0<\/a><\/div><\/h2><div class=\"wpr-grid-item-date elementor-repeater-item-01fa21a wpr-grid-item-display-inline wpr-grid-item-align-left\"><div class=\"inner-block\"><span>6 October 2025<span class=\"wpr-grid-extra-text-right\">\/<\/span><\/span><\/div><\/div><div class=\"wpr-grid-item-comments elementor-repeater-item-758a5f2 wpr-grid-item-display-inline wpr-grid-item-align-left\"><div class=\"inner-block\"><a href=\"https:\/\/koreannecy.fr\/index.php\/2025\/10\/06\/fetons-chuseok-a-annecy\/#respond\"><span>No Comments<\/span><\/a><\/div><\/div><div class=\"wpr-grid-item-excerpt elementor-repeater-item-60b05dc wpr-grid-item-display-block wpr-grid-item-align-left\"><div class=\"inner-block\"><p>\ud83c\uddf0\ud83c\uddf7 \u00a0 \ucd94\uc11d.\u00a0 \ud83c\uddf0\ud83c\uddf7 \ud83c\udf3d\u00a0 La f\u00eate des r\u00e9coltes\u00a0 \u00a0\ud83c\udf3e 16 NOVEMBRE &#8211; 10h \/ 19h Un vrai P&#8217;tit festival...<\/p><\/div><\/div><div class=\"wpr-grid-item-read-more elementor-repeater-item-be636f7 wpr-grid-item-display-block wpr-grid-item-align-left\"><div class=\"inner-block\"><a target=\"_self\" href=\"https:\/\/koreannecy.fr\/index.php\/2025\/10\/06\/fetons-chuseok-a-annecy\/\" class=\"wpr-button-effect wpr-button-none\"><span>En savoir plus<\/span><\/a><\/div><\/div><\/div><\/div><\/article><article class=\"wpr-grid-item elementor-clearfix post-1099 post type-post status-publish format-standard has-post-thumbnail hentry category-cours\"><div class=\"wpr-grid-item-inner\"><div class=\"wpr-grid-media-wrap wpr-effect-size-medium \" data-overlay-link=\"yes\"><div class=\"wpr-grid-image-wrap\" data-src=\"https:\/\/koreannecy.fr\/wp-content\/uploads\/2025\/09\/image-e1758522269623-1024x1024.jpeg\" data-img-on-hover=\"\"  data-src-secondary=\"\"><img decoding=\"async\" data-no-lazy=\"1\" src=\"https:\/\/koreannecy.fr\/wp-content\/uploads\/2025\/09\/image-e1758522269623-1024x1024.jpeg\" alt=\"Premier cours \u00e0 Pringy\" class=\"wpr-anim-timing-ease-default\"><\/div><div class=\"wpr-grid-media-hover wpr-animation-wrap\"><div class=\"wpr-grid-media-hover-bg  wpr-overlay-fade-in wpr-anim-size-large wpr-anim-timing-ease-default wpr-anim-transparency\" data-url=\"https:\/\/koreannecy.fr\/index.php\/2025\/09\/22\/premier-cours-2025-2026-a-la-salle\/\"><\/div><\/div><\/div><div class=\"wpr-grid-item-below-content elementor-clearfix\"><h2 class=\"wpr-grid-item-title elementor-repeater-item-47d3a57 wpr-grid-item-display-block wpr-grid-item-align-left wpr-pointer-none wpr-pointer-line-fx wpr-pointer-fx-fade\"><div class=\"inner-block\"><a target=\"_self\"  href=\"https:\/\/koreannecy.fr\/index.php\/2025\/09\/22\/premier-cours-2025-2026-a-la-salle\/\">Premier cours \u00e0 Pringy<\/a><\/div><\/h2><div class=\"wpr-grid-item-date elementor-repeater-item-01fa21a wpr-grid-item-display-inline wpr-grid-item-align-left\"><div class=\"inner-block\"><span>22 September 2025<span class=\"wpr-grid-extra-text-right\">\/<\/span><\/span><\/div><\/div><div class=\"wpr-grid-item-comments elementor-repeater-item-758a5f2 wpr-grid-item-display-inline wpr-grid-item-align-left\"><div class=\"inner-block\"><a href=\"https:\/\/koreannecy.fr\/index.php\/2025\/09\/22\/premier-cours-2025-2026-a-la-salle\/#respond\"><span>No Comments<\/span><\/a><\/div><\/div><div class=\"wpr-grid-item-excerpt elementor-repeater-item-60b05dc wpr-grid-item-display-block wpr-grid-item-align-left\"><div class=\"inner-block\"><p>Gr\u00e2ce \u00e0 la g\u00e9n\u00e9rosit\u00e9 du Coll\u00e8ge La Salle, KOREANNECY pourra accueillir ses cours dans un cadre plus adapt\u00e9 et confortable,...<\/p><\/div><\/div><div class=\"wpr-grid-item-read-more elementor-repeater-item-be636f7 wpr-grid-item-display-block wpr-grid-item-align-left\"><div class=\"inner-block\"><a target=\"_self\" href=\"https:\/\/koreannecy.fr\/index.php\/2025\/09\/22\/premier-cours-2025-2026-a-la-salle\/\" class=\"wpr-button-effect wpr-button-none\"><span>En savoir plus<\/span><\/a><\/div><\/div><\/div><\/div><\/article><article class=\"wpr-grid-item elementor-clearfix post-1057 post type-post status-publish format-standard has-post-thumbnail hentry category-k-food-partage\"><div class=\"wpr-grid-item-inner\"><div class=\"wpr-grid-media-wrap wpr-effect-size-medium \" data-overlay-link=\"yes\"><div class=\"wpr-grid-image-wrap\" data-src=\"https:\/\/koreannecy.fr\/wp-content\/uploads\/2025\/09\/IMG_5475-scaled-e1758521020482-1024x1024.jpg\" data-img-on-hover=\"\"  data-src-secondary=\"\"><img decoding=\"async\" data-no-lazy=\"1\" src=\"https:\/\/koreannecy.fr\/wp-content\/uploads\/2025\/09\/IMG_5475-scaled-e1758521020482-1024x1024.jpg\" alt=\"K-Picnic\" class=\"wpr-anim-timing-ease-default\"><\/div><div class=\"wpr-grid-media-hover wpr-animation-wrap\"><div class=\"wpr-grid-media-hover-bg  wpr-overlay-fade-in wpr-anim-size-large wpr-anim-timing-ease-default wpr-anim-transparency\" data-url=\"https:\/\/koreannecy.fr\/index.php\/2025\/06\/30\/k-picnic\/\"><\/div><\/div><\/div><div class=\"wpr-grid-item-below-content elementor-clearfix\"><h2 class=\"wpr-grid-item-title elementor-repeater-item-47d3a57 wpr-grid-item-display-block wpr-grid-item-align-left wpr-pointer-none wpr-pointer-line-fx wpr-pointer-fx-fade\"><div class=\"inner-block\"><a target=\"_self\"  href=\"https:\/\/koreannecy.fr\/index.php\/2025\/06\/30\/k-picnic\/\">K-Picnic<\/a><\/div><\/h2><div class=\"wpr-grid-item-date elementor-repeater-item-01fa21a wpr-grid-item-display-inline wpr-grid-item-align-left\"><div class=\"inner-block\"><span>30 June 2025<span class=\"wpr-grid-extra-text-right\">\/<\/span><\/span><\/div><\/div><div class=\"wpr-grid-item-comments elementor-repeater-item-758a5f2 wpr-grid-item-display-inline wpr-grid-item-align-left\"><div class=\"inner-block\"><a href=\"https:\/\/koreannecy.fr\/index.php\/2025\/06\/30\/k-picnic\/#respond\"><span>No Comments<\/span><\/a><\/div><\/div><div class=\"wpr-grid-item-excerpt elementor-repeater-item-60b05dc wpr-grid-item-display-block wpr-grid-item-align-left\"><div class=\"inner-block\"><p>\u00a0 \ud83c\udf38 Une Fin de saison Savoureuse et Haute en Couleurs chez KOREANNECY Ce samedi, quelque chose de tr\u00e8s sp\u00e9cial...<\/p><\/div><\/div><div class=\"wpr-grid-item-read-more elementor-repeater-item-be636f7 wpr-grid-item-display-block wpr-grid-item-align-left\"><div class=\"inner-block\"><a target=\"_self\" href=\"https:\/\/koreannecy.fr\/index.php\/2025\/06\/30\/k-picnic\/\" class=\"wpr-button-effect wpr-button-none\"><span>En savoir plus<\/span><\/a><\/div><\/div><\/div><\/div><\/article><\/section><div class=\"wpr-grid-pagination elementor-clearfix wpr-grid-pagination-load-more\"><a href=\"https:\/\/koreannecy.fr\/index.php\/wp-json\/wp\/v2\/pages\/79\/page\/2\/\" class=\"wpr-load-more-btn\" data-e-disable-page-transition >Load More<\/a><div class=\"wpr-pagination-loading\"><div class=\"wpr-double-bounce\"><div class=\"wpr-child wpr-double-bounce1\"><\/div><div class=\"wpr-child wpr-double-bounce2\"><\/div><\/div><\/div><p class=\"wpr-pagination-finish\">End of Content.<\/p><\/div>\t\t\t\t<\/div>\n\t\t\t\t<\/div>\n\t\t\t\t\t<\/div>\n\t\t\t\t<\/div>\n\t\t<div class=\"elementor-element elementor-element-8012031 e-flex e-con-boxed wpr-particle-no wpr-jarallax-no wpr-parallax-no wpr-sticky-section-no e-con e-parent\" data-id=\"8012031\" data-element_type=\"container\">\n\t\t\t\t\t<div class=\"e-con-inner\">\n\t\t<div class=\"elementor-element elementor-element-5b19ba8 e-con-full e-flex wpr-particle-no wpr-jarallax-no wpr-parallax-no wpr-sticky-section-no e-con e-child\" data-id=\"5b19ba8\" data-element_type=\"container\" data-settings=\"{&quot;background_background&quot;:&quot;classic&quot;}\">\n\t\t<div class=\"elementor-element elementor-element-7214074 e-con-full e-flex wpr-particle-no wpr-jarallax-no wpr-parallax-no wpr-sticky-section-no e-con e-child\" data-id=\"7214074\" data-element_type=\"container\">\n\t\t\t\t<div class=\"elementor-element elementor-element-91e8bff elementor-widget elementor-widget-heading\" data-id=\"91e8bff\" data-element_type=\"widget\" data-widget_type=\"heading.default\">\n\t\t\t\t<div class=\"elementor-widget-container\">\n\t\t\t\t\t<h1 class=\"elementor-heading-title elementor-size-default\">Rejoignez la communaut\u00e9 KoreAnnecy<\/h1>\t\t\t\t<\/div>\n\t\t\t\t<\/div>\n\t\t\t\t<div class=\"elementor-element elementor-element-e7399f4 elementor-widget elementor-widget-text-editor\" data-id=\"e7399f4\" data-element_type=\"widget\" data-widget_type=\"text-editor.default\">\n\t\t\t\t<div class=\"elementor-widget-container\">\n\t\t\t\t\t\t\t\t\t<p class=\"p1\">De la cuisine au cin\u00e9ma, de la langue aux traditions : explorez la Cor\u00e9e avec nous.<\/p>\t\t\t\t\t\t\t\t<\/div>\n\t\t\t\t<\/div>\n\t\t\t\t<div class=\"elementor-element elementor-element-620ec7c elementor-mobile-align-center elementor-invisible elementor-widget elementor-widget-button\" data-id=\"620ec7c\" data-element_type=\"widget\" data-settings=\"{&quot;_animation&quot;:&quot;fadeInDown&quot;}\" data-widget_type=\"button.default\">\n\t\t\t\t<div class=\"elementor-widget-container\">\n\t\t\t\t\t\t\t\t\t<div class=\"elementor-button-wrapper\">\n\t\t\t\t\t<a class=\"elementor-button elementor-button-link elementor-size-sm\" href=\"https:\/\/www.helloasso.com\/associations\/koreannecy\/adhesions\/adhesion-annuelle-koreannecy-2025\" target=\"_blank\">\n\t\t\t\t\t\t<span class=\"elementor-button-content-wrapper\">\n\t\t\t\t\t\t\t\t\t<span class=\"elementor-button-text\">Adh\u00e9sion<\/span>\n\t\t\t\t\t<\/span>\n\t\t\t\t\t<\/a>\n\t\t\t\t<\/div>\n\t\t\t\t\t\t\t\t<\/div>\n\t\t\t\t<\/div>\n\t\t\t\t<\/div>\n\t\t<div class=\"elementor-element elementor-element-d7fb693 e-con-full e-flex wpr-particle-no wpr-jarallax-no wpr-parallax-no wpr-sticky-section-no e-con e-child\" data-id=\"d7fb693\" data-element_type=\"container\">\n\t\t\t\t<div class=\"elementor-element elementor-element-882faef elementor-widget elementor-widget-image\" data-id=\"882faef\" data-element_type=\"widget\" data-widget_type=\"image.default\">\n\t\t\t\t<div class=\"elementor-widget-container\">\n\t\t\t\t\t\t\t\t\t\t\t\t\t\t\t<img alt=\"\" fetchpriority=\"high\" decoding=\"async\" width=\"800\" height=\"800\" src=\"https:\/\/koreannecy.fr\/wp-content\/uploads\/2025\/04\/groupe.jpg\" class=\"attachment-large size-large wp-image-254\" alt=\"\" srcset=\"https:\/\/koreannecy.fr\/wp-content\/uploads\/2025\/04\/groupe.jpg 1024w, https:\/\/koreannecy.fr\/wp-content\/uploads\/2025\/04\/groupe-300x300.jpg 300w, https:\/\/koreannecy.fr\/wp-content\/uploads\/2025\/04\/groupe-150x150.jpg 150w, https:\/\/koreannecy.fr\/wp-content\/uploads\/2025\/04\/groupe-768x768.jpg 768w\" sizes=\"(max-width: 800px) 100vw, 800px\" \/>\t\t\t\t\t\t\t\t\t\t\t\t\t\t\t<\/div>\n\t\t\t\t<\/div>\n\t\t\t\t<\/div>\n\t\t\t\t<\/div>\n\t\t\t\t\t<\/div>\n\t\t\t\t<\/div>\n\t\t\t\t<\/div>\n\t\t","protected":false},"excerpt":{"rendered":"<p>\u00e9v\u00e9nements \u00c0 travers ses \u00e9v\u00e9nements, KoreAnnecy fait rayonner la culture cor\u00e9enne au c\u0153ur d\u2019Annecy. All Posts Cin\u00e9ma Cours de Cor\u00e9en Non class\u00e9 Derniers cours de Cor\u00e9en a La Seiche, 26 &#8230;<\/p>\n","protected":false},"author":1,"featured_media":0,"parent":0,"menu_order":0,"comment_status":"closed","ping_status":"closed","template":"","meta":{"_acf_changed":false,"_seopress_robots_primary_cat":"","_seopress_titles_title":"","_seopress_titles_desc":"","_seopress_robots_index":"","footnotes":""},"class_list":["post-79","page","type-page","status-publish","hentry"],"acf":[],"_links":{"self":[{"href":"https:\/\/koreannecy.fr\/index.php\/wp-json\/wp\/v2\/pages\/79","targetHints":{"allow":["GET"]}}],"collection":[{"href":"https:\/\/koreannecy.fr\/index.php\/wp-json\/wp\/v2\/pages"}],"about":[{"href":"https:\/\/koreannecy.fr\/index.php\/wp-json\/wp\/v2\/types\/page"}],"author":[{"embeddable":true,"href":"https:\/\/koreannecy.fr\/index.php\/wp-json\/wp\/v2\/users\/1"}],"replies":[{"embeddable":true,"href":"https:\/\/koreannecy.fr\/index.php\/wp-json\/wp\/v2\/comments?post=79"}],"version-history":[{"count":119,"href":"https:\/\/koreannecy.fr\/index.php\/wp-json\/wp\/v2\/pages\/79\/revisions"}],"predecessor-version":[{"id":935,"href":"https:\/\/koreannecy.fr\/index.php\/wp-json\/wp\/v2\/pages\/79\/revisions\/935"}],"wp:attachment":[{"href":"https:\/\/koreannecy.fr\/index.php\/wp-json\/wp\/v2\/media?parent=79"}],"curies":[{"name":"wp","href":"https:\/\/api.w.org\/{rel}","templated":true}]}}